{"id":14,"date":"2018-08-05T20:57:49","date_gmt":"2018-08-05T20:57:49","guid":{"rendered":"http:\/\/tualcanices.com\/tualcaniceswp\/?page_id=14"},"modified":"2018-08-09T20:29:22","modified_gmt":"2018-08-09T20:29:22","slug":"edificios-de-interes","status":"publish","type":"page","link":"http:\/\/tualcanices.com\/tualcaniceswp\/edificios-de-interes\/","title":{"rendered":"Edificios de inter\u00e9s"},"content":{"rendered":"<p>El n\u00famero de edificios de inter\u00e9s y monumentos en Alca\u00f1ices que se conserva en buen estado es amplio. A\u00fan quedan en pie los restos de la muralla que fortific\u00f3 el municipio. Uno de sus cubos es el conocido como la Torre del Reloj que, como su nombre indica, en la actualidad tiene instalado un reloj. En el casco hist\u00f3rico del pueblo est\u00e1 la Iglesia de la Asunci\u00f3n que cuenta con elementos rom\u00e1nicos, g\u00f3ticos y renacentistas. Adyacente a la misma se encuentra el Palacio de los Marqueses de Alca\u00f1ices, en la actualidad convertido en una Residencia de la 3\u00aa edad.<\/p>\n","protected":false},"excerpt":{"rendered":"<p>El n\u00famero de edificios de inter\u00e9s y monumentos en Alca\u00f1ices que se conserva en buen estado es amplio. A\u00fan quedan en pie los restos de la muralla que fortific\u00f3 el municipio. Uno de sus cubos es el conocido como la Torre del Reloj que, como su nombre indica, en la actualidad tiene instalado un reloj. [&hellip;]<\/p>\n","protected":false},"author":1,"featured_media":22,"parent":0,"menu_order":2,"comment_status":"closed","ping_status":"closed","template":"","meta":[],"_links":{"self":[{"href":"http:\/\/tualcanices.com\/tualcaniceswp\/wp-json\/wp\/v2\/pages\/14"}],"collection":[{"href":"http:\/\/tualcanices.com\/tualcaniceswp\/wp-json\/wp\/v2\/pages"}],"about":[{"href":"http:\/\/tualcanices.com\/tualcaniceswp\/wp-json\/wp\/v2\/types\/page"}],"author":[{"embeddable":true,"href":"http:\/\/tualcanices.com\/tualcaniceswp\/wp-json\/wp\/v2\/users\/1"}],"replies":[{"embeddable":true,"href":"http:\/\/tualcanices.com\/tualcaniceswp\/wp-json\/wp\/v2\/comments?post=14"}],"version-history":[{"count":1,"href":"http:\/\/tualcanices.com\/tualcaniceswp\/wp-json\/wp\/v2\/pages\/14\/revisions"}],"predecessor-version":[{"id":15,"href":"http:\/\/tualcanices.com\/tualcaniceswp\/wp-json\/wp\/v2\/pages\/14\/revisions\/15"}],"wp:featuredmedia":[{"embeddable":true,"href":"http:\/\/tualcanices.com\/tualcaniceswp\/wp-json\/wp\/v2\/media\/22"}],"wp:attachment":[{"href":"http:\/\/tualcanices.com\/tualcaniceswp\/wp-json\/wp\/v2\/media?parent=14"}],"curies":[{"name":"wp","href":"https:\/\/api.w.org\/{rel}","templated":true}]}}